{"id":86,"date":"2024-04-23T16:58:42","date_gmt":"2024-04-23T14:58:42","guid":{"rendered":"https:\/\/rus.vm.ruhr-uni-bochum.de\/en\/?page_id=86"},"modified":"2026-02-06T08:11:09","modified_gmt":"2026-02-06T07:11:09","slug":"contact","status":"publish","type":"page","link":"https:\/\/lrs.ruhr-uni-bochum.de\/en\/contact\/","title":{"rendered":"Contact"},"content":{"rendered":"\n<p class=\"rub-h1 has-medium-font-size\">Address<\/p>\n\n\n\n<p class=\"rub-text\" style=\"font-size:16px\">Ruhr-Universit\u00e4t Bochum<br>Lehrstuhl f\u00fcr Regelungstechnik und Systemtheorie<br>Prof. Dr.-Ing. Martin M\u00f6nnigmann<br>Geb\u00e4ude IC \/ Fach 11<br>Universit\u00e4tsstra\u00dfe 150<br>44801 Bochum<\/p>\n\n\n\n<div style=\"height:34px\" aria-hidden=\"true\" class=\"wp-block-spacer\"><\/div>\n\n\n\n<p class=\"rub-h1 has-medium-font-size\">Telephone<\/p>\n\n\n\n<p class=\"rub-text\" style=\"font-size:16px\">0234\/32-28060 (Office)<\/p>\n\n\n\n<div style=\"height:29px\" aria-hidden=\"true\" class=\"wp-block-spacer\"><\/div>\n\n\n\n<p class=\"rub-h1 has-medium-font-size\">Telefax<\/p>\n\n\n\n<p class=\"rub-text\" style=\"font-size:16px\">0234\/32-14155 (Office)<\/p>\n\n\n\n<div style=\"height:30px\" aria-hidden=\"true\" class=\"wp-block-spacer\"><\/div>\n\n\n\n<p class=\"rub-h1 has-medium-font-size\">Head<\/p>\n\n\n\n<p class=\"rub-text\" style=\"font-size:16px\"><a href=\"https:\/\/lrs.ruhr-uni-bochum.de\/en\/team\/martin-monnigmann\/\" data-type=\"page\" data-id=\"115\">Prof. Dr.-Ing. M. M\u00f6nnigmann<\/a><\/p>\n\n\n\n<div style=\"height:28px\" aria-hidden=\"true\" class=\"wp-block-spacer\"><\/div>\n\n\n\n<p class=\"rub-h1 has-medium-font-size\">Office and Library<\/p>\n\n\n\n<p class=\"rub-text\" style=\"font-size:16px\"><a href=\"https:\/\/lrs.ruhr-uni-bochum.de\/en\/team\/daria-derksen\/\" data-type=\"page\" data-id=\"98\">D. Derksen<\/a><\/p>\n\n\n\n<div style=\"height:30px\" aria-hidden=\"true\" class=\"wp-block-spacer\"><\/div>\n\n\n\n<p class=\"rub-h1 has-medium-font-size\">Organisation of Teaching and Support for Exams<\/p>\n\n\n\n<p class=\"rub-text\" style=\"font-size:16px\"><a href=\"https:\/\/www.control.ruhr-uni-bochum.de\/rus\/lehrstuhl\/mmo.html\"><\/a><a href=\"https:\/\/lrs.ruhr-uni-bochum.de\/en\/team\/sebastian-leonow\/\" data-type=\"page\" data-id=\"120\">Dr.-Ing. S. Leonow<\/a><\/p>\n\n\n\n<div style=\"height:29px\" aria-hidden=\"true\" class=\"wp-block-spacer\"><\/div>\n\n\n\n<p class=\"rub-h1 has-medium-font-size\">Webmaster<\/p>\n\n\n\n<p class=\"rub-text\" style=\"font-size:16px\"><a href=\"https:\/\/lrs.ruhr-uni-bochum.de\/en\/team\/jonas-euringer\/\" data-type=\"page\" data-id=\"105\">J. Euringer<\/a><\/p>\n","protected":false},"excerpt":{"rendered":"Address Ruhr-Universit\u00e4t BochumLehrstuhl f\u00fcr Regelungstechnik und SystemtheorieProf. Dr.-Ing. Martin M\u00f6nnigmannGeb\u00e4ude IC \/ Fach 11Universit\u00e4tsstra\u00dfe 15044801 Bochum Telephone 0234\/32-28060 (Office) Telefax 0234\/32-14155 (Office) Head Prof. Dr.-Ing. M. M\u00f6nnigmann Office and Library D. Derksen Organisation of Teaching and Support for Exams Dr.-Ing. S. Leonow Webmaster J. Euringer","protected":false},"author":2,"featured_media":0,"parent":0,"menu_order":0,"comment_status":"closed","ping_status":"closed","template":"","meta":{"footnotes":""},"class_list":["post-86","page","type-page","status-publish","hentry"],"_links":{"self":[{"href":"https:\/\/lrs.ruhr-uni-bochum.de\/en\/wp-json\/wp\/v2\/pages\/86","targetHints":{"allow":["GET"]}}],"collection":[{"href":"https:\/\/lrs.ruhr-uni-bochum.de\/en\/wp-json\/wp\/v2\/pages"}],"about":[{"href":"https:\/\/lrs.ruhr-uni-bochum.de\/en\/wp-json\/wp\/v2\/types\/page"}],"author":[{"embeddable":true,"href":"https:\/\/lrs.ruhr-uni-bochum.de\/en\/wp-json\/wp\/v2\/users\/2"}],"replies":[{"embeddable":true,"href":"https:\/\/lrs.ruhr-uni-bochum.de\/en\/wp-json\/wp\/v2\/comments?post=86"}],"version-history":[{"count":6,"href":"https:\/\/lrs.ruhr-uni-bochum.de\/en\/wp-json\/wp\/v2\/pages\/86\/revisions"}],"predecessor-version":[{"id":358,"href":"https:\/\/lrs.ruhr-uni-bochum.de\/en\/wp-json\/wp\/v2\/pages\/86\/revisions\/358"}],"wp:attachment":[{"href":"https:\/\/lrs.ruhr-uni-bochum.de\/en\/wp-json\/wp\/v2\/media?parent=86"}],"curies":[{"name":"wp","href":"https:\/\/api.w.org\/{rel}","templated":true}]}}